{"id":771,"date":"2016-02-24T17:01:40","date_gmt":"2016-02-24T17:01:40","guid":{"rendered":"http:\/\/tomasgrau.com\/es\/biography-2"},"modified":"2025-10-02T14:27:53","modified_gmt":"2025-10-02T14:27:53","slug":"biografia","status":"publish","type":"page","link":"https:\/\/tomasgrau.com\/es\/biografia","title":{"rendered":"BIOGRAF\u00cdA"},"content":{"rendered":"<p>[vc_row][vc_column offset=\u00bbvc_hidden-xs\u00bb][vc_empty_space height=\u00bb52px\u00bb][\/vc_column][\/vc_row][vc_row][vc_column offset=\u00bbvc_hidden-lg vc_hidden-md vc_hidden-sm\u00bb][vc_empty_space height=\u00bb30px\u00bb][\/vc_column][\/vc_row][vc_row][vc_column width=\u00bb1\/3&#8243;][vc_column_text]<\/p>\n<h6 id=\"tw-target-text\" class=\"tw-data-text vk_txt tw-ta tw-text-small\" dir=\"ltr\" data-placeholder=\"Traducci\u00f3n\"><span lang=\"en\">\u201c<\/span><\/h6>\n<h5 class=\"tw-data-text vk_txt tw-ta tw-text-small\" dir=\"ltr\" data-placeholder=\"Traducci\u00f3n\"><span lang=\"en\">Como director,<br \/>\nprefiero renunciar a algunos decibelios para primar la dulzura y el balance.<\/span><\/h5>\n<p>[\/vc_column_text][vc_column_text]<\/p>\n<h6>\u201d<\/h6>\n<p>[\/vc_column_text][vc_column_text]Director inspirado y de gran sensibilidad, Tom\u00e0s Grau se caracteriza por su gesto preciso y claro y por la sinceridad de sus lecturas musicales, que buscan transmitir de manera di\u00e1fana las verdaderas emociones que hay en cada una de las partituras, compartiendo con el p\u00fablico su amor por la m\u00fasica.[\/vc_column_text][\/vc_column][vc_column width=\u00bb1\/3&#8243; offset=\u00bbvc_hidden-xs\u00bb][vc_column_text]Ha dirigido, entre otros, solistas de talla internacional como Anne-Sophie Mutter, Maria Jo\u00e3o Pires, Midori, Maxim Vengerov, Lisa Batiashvili, Patricia Kopatchinskaja, Mischa Maisky, Ivo Pogorelich, Elisabeth Leonskaja, Gil Shaham, Ermonela Jaho, Gautier Capu\u00e7on, Seong-Jin Cho, Anna Fedorova, Javier Perianes, Sabine Meyer, Steven Isserlis, Paul Lewis, Alexei Volodin, Stephen Kovacevich, Reinhold Friedrich, Edgar Moreau, Mark Padmore, Alice Sara Ott y Jasmine Choi en las principales salas de conciertos de Espa\u00f1a, como el Auditorio Nacional de Madrid, el Auditorio de Zaragoza, el Palau de la M\u00fasica Catalana o l\u2019Auditori de Barcelona, como tambi\u00e9n a nivel internacional en el Carnegie Hall de Nueva York, la \u00d3pera de Dubai y la Tonhalle de Z\u00farich.<\/p>\n<p>Actualmente es el Director Musical y Art\u00edstico de la Franz Schubert Filharmonia, y lo invitan regularmente a dirigir otras formaciones, como la Tokyo Philharmonic, Orquesta Sinf\u00f3nica Sim\u00f3n Bol\u00edvar, Orquesta Nacional de Espa\u00f1a, Orquesta Sinf\u00f3nica Nacional de Colombia, Royal Bangkok Symphony Orchestra, Orquesta Filarm\u00f3nica de Bogot\u00e1, North Czech Philharmonic, Orquesta Filarm\u00f3nica de Gran Canaria, ADDA Simf\u00f2nica, Orquesta Sinf\u00f3nica del Principado de Asturias, Orquesta Filarm\u00f3nica de M\u00e1laga, Orquesta Sinf\u00f3nica de la Regi\u00f3n de Murcia, Orquesta de C\u00f3rdoba y Stuttgarter Kammerorchester, entre otras. Ha grabado para sellos como SONY Classical, ARS Produktion -sello del a\u00f1o en los International Classical Music Awards- o Discmedi.[\/vc_column_text][\/vc_column][vc_column width=\u00bb1\/3&#8243; offset=\u00bbvc_hidden-xs\u00bb][vc_column_text]Entre sus compromisos m\u00e1s inmediatos destaca dirigir solistas como Yulianna Avdeeva, Paul Huang y Leticia Moreno, y formaciones como la Orquesta Sinf\u00f3nica Sim\u00f3n Bol\u00edvar, Orquesta Sinf\u00f3nica Nacional de Colombia y Orquesta Filarm\u00f3nica de Boca de R\u00edo y Veracruz, con repertorios tan importantes como la Segunda Sinfon\u00eda de Mahler, el R\u00e9quiem de Brahms o Turandot.<\/p>\n<p>Nacido en Barcelona el a\u00f1o 1979, realiz\u00f3 los estudios musicales en el Conservatorio Superior Municipal de M\u00fasica de la misma ciudad. Prosigui\u00f3 sus estudios de direcci\u00f3n en la Escuela Superior de M\u00fasica de Catalu\u00f1a, donde obtuvo el T\u00edtulo Superior de Direcci\u00f3n de Orquesta, alcanzando las m\u00e1ximas calificaciones. Complet\u00f3 sus estudios en los <em>Wiener Meisterkurse<\/em>, en la especialidad de Direcci\u00f3n de Orquesta.[\/vc_column_text][vc_column_text]<a href=\"https:\/\/drive.google.com\/drive\/folders\/18iKBWyjrj19OuSQQ9lTo_jIBaY9VRL4o?usp=drive_link\" target=\"_blank\" rel=\"noopener noreferrer\"><strong>ACCESO A SALA DE PRENSA<\/strong><\/a>[\/vc_column_text][\/vc_column][\/vc_row][vc_row][vc_column offset=\u00bbvc_hidden-lg vc_hidden-md vc_hidden-sm\u00bb][vc_column_text]Director inspirado y de gran sensibilidad, Tom\u00e0s Grau se caracteriza por su gesto preciso y claro y por la sinceridad de sus lecturas musicales, que buscan transmitir de manera di\u00e1fana las verdaderas emociones que hay en cada una de las partituras, compartiendo con el p\u00fablico su amor por la m\u00fasica.<\/p>\n<p>Ha dirigido, entre otros, solistas de talla internacional como Anne-Sophie Mutter, Maria Jo\u00e3o Pires, Midori, Maxim Vengerov, Lisa Batiashvili, Patricia Kopatchinskaja, Mischa Maisky, Ivo Pogorelich, Elisabeth Leonskaja, Gil Shaham, Ermonela Jaho, Gautier Capu\u00e7on, Seong-Jin Cho, Anna Fedorova, Javier Perianes, Sabine Meyer, Steven Isserlis, Paul Lewis, Alexei Volodin, Stephen Kovacevich, Reinhold Friedrich, Edgar Moreau, Mark Padmore, Alice Sara Ott y Jasmine Choi en las principales salas de conciertos de Espa\u00f1a, como el Auditorio Nacional de Madrid, el Auditorio de Zaragoza, el Palau de la M\u00fasica Catalana o l\u2019Auditori de Barcelona, como tambi\u00e9n a nivel internacional en el Carnegie Hall de Nueva York, la \u00d3pera de Dubai y la Tonhalle de Z\u00farich.<\/p>\n<p>Actualmente es el Director Musical y Art\u00edstico de la Franz Schubert Filharmonia, y lo invitan regularmente a dirigir otras formaciones, como la Tokyo Philharmonic, Orquesta Sinf\u00f3nica Sim\u00f3n Bol\u00edvar, Orquesta Nacional de Espa\u00f1a, Orquesta Sinf\u00f3nica Nacional de Colombia, Royal Bangkok Symphony Orchestra, Orquesta Filarm\u00f3nica de Bogot\u00e1, North Czech Philharmonic, Orquesta Filarm\u00f3nica de Gran Canaria, ADDA Simf\u00f2nica, Orquesta Sinf\u00f3nica del Principado de Asturias, Orquesta Filarm\u00f3nica de M\u00e1laga, Orquesta Sinf\u00f3nica de la Regi\u00f3n de Murcia, Orquesta de C\u00f3rdoba y Stuttgarter Kammerorchester, entre otras. Ha grabado para sellos como SONY Classical, ARS Produktion -sello del a\u00f1o en los International Classical Music Awards- o Discmedi.<br \/>\nEntre sus compromisos m\u00e1s inmediatos destaca dirigir solistas como Yulianna Avdeeva, Paul Huang y Leticia Moreno, y formaciones como la Orquesta Sinf\u00f3nica Sim\u00f3n Bol\u00edvar, Orquesta Sinf\u00f3nica Nacional de Colombia y Orquesta Filarm\u00f3nica de Boca de R\u00edo y Veracruz, con repertorios tan importantes como la Segunda Sinfon\u00eda de Mahler, el R\u00e9quiem de Brahms o Turandot.<\/p>\n<p>Nacido en Barcelona el a\u00f1o 1979, realiz\u00f3 los estudios musicales en el Conservatorio Superior Municipal de M\u00fasica de la misma ciudad. Prosigui\u00f3 sus estudios de direcci\u00f3n en la Escuela Superior de M\u00fasica de Catalu\u00f1a, donde obtuvo el T\u00edtulo Superior de Direcci\u00f3n de Orquesta, alcanzando las m\u00e1ximas calificaciones. Complet\u00f3 sus estudios en los <em>Wiener Meisterkurse<\/em>, en la especialidad de Direcci\u00f3n de Orquesta.[\/vc_column_text][\/vc_column][\/vc_row]<\/p>\n","protected":false},"excerpt":{"rendered":"<p>[vc_row][vc_column offset=\u00bbvc_hidden-xs\u00bb][vc_empty_space height=\u00bb52px\u00bb][\/vc_column][\/vc_row][vc_row][vc_column offset=\u00bbvc_hidden-lg vc_hidden-md vc_hidden-sm\u00bb][vc_empty_space height=\u00bb30px\u00bb][\/vc_column][\/vc_row][vc_row][vc_column width=\u00bb1\/3&#8243;][vc_column_text] \u201c Como director, prefiero renunciar a algunos decibelios para primar la dulzura y el balance. [\/vc_column_text][vc_column_text] \u201d [\/vc_column_text][vc_column_text]Director inspirado y de gran sensibilidad, Tom\u00e0s Grau se caracteriza por su gesto preciso y claro y por la sinceridad<span class=\"read-more-link\"><a   rel=\"bookmark\" href=\"https:\/\/tomasgrau.com\/es\/biografia\" title=\"Read BIOGRAF\u00cdA\" class=\"btn btn-normal\">Read more<\/a><\/span><\/p>\n","protected":false},"author":3,"featured_media":0,"parent":0,"menu_order":0,"comment_status":"closed","ping_status":"closed","template":"","meta":[],"_links":{"self":[{"href":"https:\/\/tomasgrau.com\/es\/wp-json\/wp\/v2\/pages\/771"}],"collection":[{"href":"https:\/\/tomasgrau.com\/es\/wp-json\/wp\/v2\/pages"}],"about":[{"href":"https:\/\/tomasgrau.com\/es\/wp-json\/wp\/v2\/types\/page"}],"author":[{"embeddable":true,"href":"https:\/\/tomasgrau.com\/es\/wp-json\/wp\/v2\/users\/3"}],"replies":[{"embeddable":true,"href":"https:\/\/tomasgrau.com\/es\/wp-json\/wp\/v2\/comments?post=771"}],"version-history":[{"count":0,"href":"https:\/\/tomasgrau.com\/es\/wp-json\/wp\/v2\/pages\/771\/revisions"}],"wp:attachment":[{"href":"https:\/\/tomasgrau.com\/es\/wp-json\/wp\/v2\/media?parent=771"}],"curies":[{"name":"wp","href":"https:\/\/api.w.org\/{rel}","templated":true}]}}