{"id":813,"date":"2016-02-09T12:17:32","date_gmt":"2016-02-09T12:17:32","guid":{"rendered":"http:\/\/tomasgrau.com\/ca\/prensa"},"modified":"2021-01-15T16:38:48","modified_gmt":"2021-01-15T16:38:48","slug":"premsa","status":"publish","type":"page","link":"https:\/\/tomasgrau.com\/ca\/premsa","title":{"rendered":"PREMSA"},"content":{"rendered":"<p>[vc_row][vc_column][vc_empty_space height=&#8221;52px&#8221;][\/vc_column][\/vc_row][vc_row][vc_column width=&#8221;1\/3&#8243;][vc_column_text]<\/p>\n<h6><b>\u201c<\/b><\/h6>\n<h5>La lectura de la partitura, reposada\u00a0i meticulosa, ens va permetre assaborir cadascun dels plans perfilats per Schumann<\/h5>\n<p>[\/vc_column_text][vc_column_text]<\/p>\n<h6>\u201d<\/h6>\n<p>[\/vc_column_text][vc_column_text]Miquel Gen\u00e9 \u00b7<b> Revista Musical Catalana <\/b>[\/vc_column_text][\/vc_column][vc_column width=&#8221;1\/3&#8243;][vc_column_text]<\/p>\n<h6><b>\u201c<\/b><\/h6>\n<h5>El empaste y la naturaleza de su sonido otorgan a la formaci\u00f3n una evidente solvencia gracias al trabajo de su titular, Tom\u00e0s Grau, artista preparado, de gesto franco y buen criterio<\/h5>\n<p>[\/vc_column_text][vc_column_text]<\/p>\n<h6>\u201d<\/h6>\n<p>[\/vc_column_text][vc_column_text]Arturo Reverter \u00b7<b> Scherzo<\/b>[\/vc_column_text][\/vc_column][vc_column width=&#8221;1\/3&#8243;][vc_column_text]<\/p>\n<h6><b>\u201c<\/b><\/h6>\n<h5>Tom\u00e0s Grau va saber mantenir l\u2019ess\u00e8ncia conceptual dels moviments de l\u2019obra amb una gran resposta orquestral<\/h5>\n<p>[\/vc_column_text][vc_column_text]<\/p>\n<h6>\u201d<\/h6>\n<p>[\/vc_column_text][vc_column_text]Llu\u00eds Trull\u00e9n \u00b7<b> Revista Musical Catalana <\/b>[\/vc_column_text][\/vc_column][\/vc_row][vc_row][vc_column width=&#8221;1\/3&#8243;][vc_column_text]<\/p>\n<h6><b>\u201c<\/b><\/h6>\n<h5>La versi\u00f3n orquestal del Souvenir de Florencia no desmerece en absoluto, sobre todo si la formaci\u00f3n la aborda con la lucidez y perspicacia con lo que lo hizo, bajo la batuta de Tom\u00e0s Grau<\/h5>\n<p>[\/vc_column_text][vc_column_text]<\/p>\n<h6>\u201d<\/h6>\n<p>[\/vc_column_text][vc_column_text]Javier Velaza \u00b7<b> Audio Cl\u00e1sica\u00a0<\/b>[\/vc_column_text][\/vc_column][vc_column width=&#8221;1\/3&#8243;][vc_column_text]<\/p>\n<h6><b>\u201c<\/b><\/h6>\n<h5>Buen trabajo del grupo instrumental con la seguridad de un director solvente y de recursos<\/h5>\n<p>[\/vc_column_text][vc_column_text]<\/p>\n<h6>\u201d<\/h6>\n<p>[\/vc_column_text][vc_column_text]Jorge de Persia \u00b7<b> La Vanguardia<\/b>[\/vc_column_text][\/vc_column][vc_column width=&#8221;1\/3&#8243;][vc_column_text]<\/p>\n<h6><b>\u201c<\/b><\/h6>\n<h5>L\u2019obertura \u00e9s contundent i revela un gran ofici en aconseguir la intensitat amb nom\u00e9s onze m\u00fasics. M\u00e8rit sens dubte de la bona direcci\u00f3 de Tom\u00e0s Grau<\/h5>\n<p>[\/vc_column_text][vc_column_text]<\/p>\n<h6>\u201d<\/h6>\n<p>[\/vc_column_text][vc_column_text]Jordi Maluquer \u00b7<b> El Punt<\/b>[\/vc_column_text][\/vc_column][\/vc_row]<\/p>\n","protected":false},"excerpt":{"rendered":"<p>[vc_row][vc_column][vc_empty_space height=&#8221;52px&#8221;][\/vc_column][\/vc_row][vc_row][vc_column width=&#8221;1\/3&#8243;][vc_column_text] \u201c La lectura de la partitura, reposada\u00a0i meticulosa, ens va permetre assaborir cadascun dels plans perfilats per Schumann [\/vc_column_text][vc_column_text] \u201d [\/vc_column_text][vc_column_text]Miquel Gen\u00e9 \u00b7 Revista Musical Catalana [\/vc_column_text][\/vc_column][vc_column width=&#8221;1\/3&#8243;][vc_column_text] \u201c El empaste y la naturaleza de su sonido otorgan a la formaci\u00f3n una<span class=\"read-more-link\"><a   rel=\"bookmark\" href=\"https:\/\/tomasgrau.com\/ca\/premsa\" title=\"Read PREMSA\" class=\"btn btn-normal\">Read more<\/a><\/span><\/p>\n","protected":false},"author":3,"featured_media":0,"parent":0,"menu_order":0,"comment_status":"closed","ping_status":"closed","template":"","meta":[],"_links":{"self":[{"href":"https:\/\/tomasgrau.com\/ca\/wp-json\/wp\/v2\/pages\/813"}],"collection":[{"href":"https:\/\/tomasgrau.com\/ca\/wp-json\/wp\/v2\/pages"}],"about":[{"href":"https:\/\/tomasgrau.com\/ca\/wp-json\/wp\/v2\/types\/page"}],"author":[{"embeddable":true,"href":"https:\/\/tomasgrau.com\/ca\/wp-json\/wp\/v2\/users\/3"}],"replies":[{"embeddable":true,"href":"https:\/\/tomasgrau.com\/ca\/wp-json\/wp\/v2\/comments?post=813"}],"version-history":[{"count":0,"href":"https:\/\/tomasgrau.com\/ca\/wp-json\/wp\/v2\/pages\/813\/revisions"}],"wp:attachment":[{"href":"https:\/\/tomasgrau.com\/ca\/wp-json\/wp\/v2\/media?parent=813"}],"curies":[{"name":"wp","href":"https:\/\/api.w.org\/{rel}","templated":true}]}}