{"id":804,"date":"2016-02-09T12:17:20","date_gmt":"2016-02-09T12:17:20","guid":{"rendered":"http:\/\/tomasgrau.com\/ca\/media"},"modified":"2021-01-15T16:45:16","modified_gmt":"2021-01-15T16:45:16","slug":"media","status":"publish","type":"page","link":"https:\/\/tomasgrau.com\/ca\/media","title":{"rendered":"M\u00c8DIA"},"content":{"rendered":"<p>[vc_row][vc_column][vc_column_text css=&#8221;.vc_custom_1456937474267{margin-top: 52px !important;margin-bottom: 0px !important;}&#8221;]<\/p>\n<h2><span style=\"background-color: #72cfe1;\">\u00a0V\u00cdDEOS<\/span><\/h2>\n<p>[\/vc_column_text][\/vc_column][\/vc_row][vc_row][vc_column width=&#8221;1\/2&#8243;][vc_video link=&#8221; https:\/\/youtu.be\/BU0Ei4wy3ug&#8221;][vc_column_text css=&#8221;.vc_custom_1540891203961{margin-top: -25px !important;}&#8221;]<\/p>\n<div id=\"watch-headline-title\">\n<div><strong>TCHAIKOVSKY: Simfonia n\u00fam. 6, op 74 &#8216;Pat\u00e8tica&#8217;<\/strong><br \/>\nPalau de la M\u00fasica Catalana<\/div>\n<div>amb\u00a0Orquestra Simf\u00f2nica Camera Musicae<\/div>\n<\/div>\n<p>[\/vc_column_text][\/vc_column][vc_column width=&#8221;1\/2&#8243;][vc_video link=&#8221;https:\/\/www.youtube.com\/watch?v=hkSWByxYjS8&#8243;][vc_column_text css=&#8221;.vc_custom_1513269697661{margin-top: -25px !important;}&#8221;]<\/p>\n<div>\n<div><strong>LISZT: Totentanz<\/strong><\/div>\n<div>Palau de la M\u00fasica Catalana<\/div>\n<\/div>\n<div>amb\u00a0Alice Sara Ott i Orquestra Simf\u00f2nica Camera Musicae<\/div>\n<p>[\/vc_column_text][\/vc_column][\/vc_row][vc_row][vc_column width=&#8221;1\/2&#8243;][vc_video link=&#8221;https:\/\/www.youtube.com\/watch?v=SN12n-76-GM&#8221;][vc_column_text css=&#8221;.vc_custom_1513269819912{margin-top: -25px !important;}&#8221;]<\/p>\n<div id=\"watch-headline-title\">\n<div><strong>STRAUSS: Morgen<\/strong><br \/>\nTeatre Tarragona<\/div>\n<div>amb\u00a0Ainhoa Arteta i Orquestra Simf\u00f2nica Camera Musicae<\/div>\n<\/div>\n<p>[\/vc_column_text][\/vc_column][vc_column width=&#8221;1\/2&#8243;][vc_video link=&#8221;https:\/\/www.youtube.com\/watch?v=Q7LctOkceuo&#8221;][vc_column_text css=&#8221;.vc_custom_1513269779450{margin-top: -25px !important;}&#8221;]<\/p>\n<div>\n<div><strong>MOZART: Concert per a clarinet i orquestra, KV 622<\/strong><\/div>\n<div>Palau de la M\u00fasica Catalana<\/div>\n<\/div>\n<div>amb\u00a0Sabine Meyer i Orquestra Simf\u00f2nica Camera Musicae<\/div>\n<p>[\/vc_column_text][\/vc_column][\/vc_row][vc_row][vc_column width=&#8221;1\/2&#8243;][vc_video link=&#8221;https:\/\/youtu.be\/fiSIc1UB_Qs&#8221;][vc_column_text css=&#8221;.vc_custom_1540891384544{margin-top: -25px !important;}&#8221;]<\/p>\n<div id=\"watch-headline-title\">\n<div><strong>TCHAIKOVSKY: Simfonia n\u00fam. 5,\u00a0op. 64<\/strong><br \/>\nPalau de la M\u00fasica Catalana<\/div>\n<div>amb\u00a0Orquestra Simf\u00f2nica Camera Musicae<\/div>\n<\/div>\n<p>[\/vc_column_text][\/vc_column][vc_column width=&#8221;1\/2&#8243;][vc_video link=&#8221;https:\/\/youtu.be\/hINqcUR90iA&#8221;][vc_column_text css=&#8221;.vc_custom_1498130995841{margin-top: -25px !important;}&#8221;]<\/p>\n<div>\n<div><strong>BEETHOVEN: Concert per a\u00a0piano n\u00fam.\u00a03, op. 37<\/strong><\/div>\n<div>Palau de la M\u00fasica Catalana<\/div>\n<\/div>\n<div>amb\u00a0Judith J\u00e1uregui i Orquestra Simf\u00f2nica Camera Musicae<\/div>\n<p>[\/vc_column_text][\/vc_column][\/vc_row][vc_row][vc_column][vc_column_text css=&#8221;.vc_custom_1456940798228{margin-top: px !important;margin-bottom: 0px !important;}&#8221;]<\/p>\n<h2><span style=\"background-color: #72cfe1;\">\u00a0FOTOGRAFIES<\/span><\/h2>\n<p>[\/vc_column_text][\/vc_column][\/vc_row][vc_row][vc_column][rev_slider_vc alias=&#8221;tomas-photo-gallery&#8221;][vc_empty_space height=&#8221;52px&#8221;][\/vc_column][\/vc_row]<\/p>\n","protected":false},"excerpt":{"rendered":"<p>[vc_row][vc_column][vc_column_text css=&#8221;.vc_custom_1456937474267{margin-top: 52px !important;margin-bottom: 0px !important;}&#8221;] \u00a0V\u00cdDEOS [\/vc_column_text][\/vc_column][\/vc_row][vc_row][vc_column width=&#8221;1\/2&#8243;][vc_video link=&#8221; https:\/\/youtu.be\/BU0Ei4wy3ug&#8221;][vc_column_text css=&#8221;.vc_custom_1540891203961{margin-top: -25px !important;}&#8221;] TCHAIKOVSKY: Simfonia n\u00fam. 6, op 74 &#8216;Pat\u00e8tica&#8217; Palau de la M\u00fasica Catalana amb\u00a0Orquestra Simf\u00f2nica Camera Musicae [\/vc_column_text][\/vc_column][vc_column width=&#8221;1\/2&#8243;][vc_video link=&#8221;https:\/\/www.youtube.com\/watch?v=hkSWByxYjS8&#8243;][vc_column_text css=&#8221;.vc_custom_1513269697661{margin-top: -25px !important;}&#8221;] LISZT: Totentanz Palau de la M\u00fasica Catalana amb\u00a0Alice Sara<span class=\"read-more-link\"><a   rel=\"bookmark\" href=\"https:\/\/tomasgrau.com\/ca\/media\" title=\"Read M\u00c8DIA\" class=\"btn btn-normal\">Read more<\/a><\/span><\/p>\n","protected":false},"author":3,"featured_media":0,"parent":0,"menu_order":0,"comment_status":"closed","ping_status":"closed","template":"","meta":[],"_links":{"self":[{"href":"https:\/\/tomasgrau.com\/ca\/wp-json\/wp\/v2\/pages\/804"}],"collection":[{"href":"https:\/\/tomasgrau.com\/ca\/wp-json\/wp\/v2\/pages"}],"about":[{"href":"https:\/\/tomasgrau.com\/ca\/wp-json\/wp\/v2\/types\/page"}],"author":[{"embeddable":true,"href":"https:\/\/tomasgrau.com\/ca\/wp-json\/wp\/v2\/users\/3"}],"replies":[{"embeddable":true,"href":"https:\/\/tomasgrau.com\/ca\/wp-json\/wp\/v2\/comments?post=804"}],"version-history":[{"count":0,"href":"https:\/\/tomasgrau.com\/ca\/wp-json\/wp\/v2\/pages\/804\/revisions"}],"wp:attachment":[{"href":"https:\/\/tomasgrau.com\/ca\/wp-json\/wp\/v2\/media?parent=804"}],"curies":[{"name":"wp","href":"https:\/\/api.w.org\/{rel}","templated":true}]}}