{"id":783,"date":"2016-02-24T17:01:40","date_gmt":"2016-02-24T17:01:40","guid":{"rendered":"http:\/\/tomasgrau.com\/ca\/biography-2"},"modified":"2025-10-02T14:25:59","modified_gmt":"2025-10-02T14:25:59","slug":"biografia","status":"publish","type":"page","link":"https:\/\/tomasgrau.com\/ca\/biografia","title":{"rendered":"BIOGRAFIA"},"content":{"rendered":"<p>[vc_row][vc_column offset=&#8221;vc_hidden-xs&#8221;][vc_empty_space height=&#8221;52px&#8221;][\/vc_column][\/vc_row][vc_row][vc_column offset=&#8221;vc_hidden-lg vc_hidden-md vc_hidden-sm&#8221;][vc_empty_space height=&#8221;30px&#8221;][\/vc_column][\/vc_row][vc_row][vc_column width=&#8221;1\/3&#8243;][vc_column_text]<\/p>\n<h6 id=\"tw-target-text\" class=\"tw-data-text vk_txt tw-ta tw-text-small\" dir=\"ltr\" data-placeholder=\"Traducci\u00f3n\"><span lang=\"en\">\u201c<\/span><\/h6>\n<h5 class=\"tw-data-text vk_txt tw-ta tw-text-small\" dir=\"ltr\" data-placeholder=\"Traducci\u00f3n\"><span lang=\"en\">Com a director,<br \/>\nprefereixo renunciar a un p\u00e8l de decibels per a primar el balan\u00e7 i el fraseig.<\/span><\/h5>\n<p>[\/vc_column_text][vc_column_text]<\/p>\n<h6>\u201d<\/h6>\n<p>[\/vc_column_text][vc_column_text]Director inspirat i de gran sensibilitat, Tom\u00e0s Grau \u00e9s reconegut pel seu gest prec\u00eds i clar i per la sinceritat de les seves lectures musicals, que busquen transmetre de manera di\u00e0fana les veritables emocions que hi ha en cadascuna de les partitures, compartint amb el p\u00fablic el seu amor per la m\u00fasica.[\/vc_column_text][\/vc_column][vc_column width=&#8221;1\/3&#8243; offset=&#8221;vc_hidden-xs&#8221;][vc_column_text]Ha dirigit, entre d\u2019altres, solistes de talla internacional com Anne-Sophie Mutter, Maria Jo\u00e3o Pires, Midori, Maxim Vengerov, Lisa Batiashvili, Patricia Kopatchinskaja, Mischa Maisky, Ivo Pogorelich, Elisabeth Leonskaja, Gil Shaham, Ermonela Jaho, Gautier Capu\u00e7on, Seong-Jin Cho, Anna Fedorova, Javier Perianes, Sabine Meyer, Steven Isserlis, Paul Lewis, Alexei Volodin, Stephen Kovacevich, Reinhold Friedrich, Edgar Moreau, Mark Padmore, Alice Sara Ott i Jasmine Choi a les principals sales de concerts de Catalunya i l\u2019estat espanyol, com el Palau de la M\u00fasica Catalana, l\u2019Auditori de Barcelona, l\u2019Auditorio Nacional de Madrid o l\u2019Auditorio de Saragossa, com tamb\u00e9 a nivell internacional al Carnegie Hall de Nova York, la Dubai Opera i la Tonhalle de Zuric.<\/p>\n<p>Actualment \u00e9s el Director Musical i Art\u00edstic de la Franz Schubert Filharmonia, i el conviden regularment a dirigir d\u2019altres formacions, com la Tokyo Philharmonic, Orquesta Sinf\u00f3nica Sim\u00f3n Bol\u00edvar, Orquesta Nacional de Espa\u00f1a, Orquesta Sinf\u00f3nica Nacional de Colombia, Royal Bangkok Symphony Orchestra, Orquesta Filarm\u00f3nica de Bogot\u00e1, North Czech Philharmonic, Orquesta Filarm\u00f3nica de Gran Canaria, ADDA Simf\u00f2nica, Orquesta Sinf\u00f3nica del Principado de Asturias, Orquesta Filarm\u00f3nica de M\u00e1laga, Orquesta Sinf\u00f3nica de la Regi\u00f3n de Murcia, Orquesta de C\u00f3rdoba i Stuttgarter Kammerorchester, entre d\u2019altres. Ha enregistrat per segells com SONY Classical, ARS Produktion -segell de l\u2019any als International Classical Music Awards- o Discmedi.[\/vc_column_text][\/vc_column][vc_column width=&#8221;1\/3&#8243; offset=&#8221;vc_hidden-xs&#8221;][vc_column_text]Entre els seus compromisos m\u00e9s immediats destaca dirigir solistes com Yulianna Avdeeva, Paul Huang i Leticia Moreno, i formacions com la Orquesta Sinf\u00f3nica Sim\u00f3n Bol\u00edvar, Orquesta Sinf\u00f3nica Nacional de Colombia i Orquesta Filarm\u00f3nica de Boca de R\u00edo y Veracruz, amb repertoris tan importants com la Segona Simfonia de Mahler, el R\u00e8quiem de Brahms o Turandot.<\/p>\n<p>Nascut a Barcelona l\u2019any 1979, Tom\u00e0s Grau realitz\u00e0 els estudis musicals al Conservatori Superior Municipal de M\u00fasica de la mateixa ciutat. Prossegu\u00ed els seus estudis de direcci\u00f3 a l\u2019Escola Superior de M\u00fasica de Catalunya, on obtingu\u00e9 el T\u00edtol Superior de Direcci\u00f3 d\u2019Orquestra, assolint les m\u00e0ximes qualificacions. Complement\u00e0 la seva formaci\u00f3 en els <em>Wiener Meisterkurse<\/em>, en l\u2019especialitat de Direcci\u00f3 d\u2019Orquestra.[\/vc_column_text][vc_column_text]<a href=\"https:\/\/drive.google.com\/drive\/folders\/18iKBWyjrj19OuSQQ9lTo_jIBaY9VRL4o?usp=drive_link\" target=\"_blank\" rel=\"noopener noreferrer\"><strong>ACC\u00c9S A LA SALA DE PREMSA<\/strong><\/a>[\/vc_column_text][\/vc_column][\/vc_row][vc_row][vc_column offset=&#8221;vc_hidden-lg vc_hidden-md vc_hidden-sm&#8221;][vc_column_text]Director inspirat i de gran sensibilitat, Tom\u00e0s Grau \u00e9s reconegut pel seu gest prec\u00eds i clar i per la sinceritat de les seves lectures musicals, que busquen transmetre de manera di\u00e0fana les veritables emocions que hi ha en cadascuna de les partitures, compartint amb el p\u00fablic el seu amor per la m\u00fasica.<br \/>\nHa dirigit, entre d\u2019altres, solistes de talla internacional com Anne-Sophie Mutter, Maria Jo\u00e3o Pires, Midori, Maxim Vengerov, Lisa Batiashvili, Patricia Kopatchinskaja, Mischa Maisky, Ivo Pogorelich, Elisabeth Leonskaja, Gil Shaham, Ermonela Jaho, Gautier Capu\u00e7on, Seong-Jin Cho, Anna Fedorova, Javier Perianes, Sabine Meyer, Steven Isserlis, Paul Lewis, Alexei Volodin, Stephen Kovacevich, Reinhold Friedrich, Edgar Moreau, Mark Padmore, Alice Sara Ott i Jasmine Choi a les principals sales de concerts de Catalunya i l\u2019estat espanyol, com el Palau de la M\u00fasica Catalana, l\u2019Auditori de Barcelona, l\u2019Auditorio Nacional de Madrid o l\u2019Auditorio de Saragossa, com tamb\u00e9 a nivell internacional al Carnegie Hall de Nova York, la Dubai Opera i la Tonhalle de Zuric.<\/p>\n<p>Actualment \u00e9s el Director Musical i Art\u00edstic de la Franz Schubert Filharmonia, i el conviden regularment a dirigir d\u2019altres formacions, com la Tokyo Philharmonic, Orquesta Sinf\u00f3nica Sim\u00f3n Bol\u00edvar, Orquesta Nacional de Espa\u00f1a, Orquesta Sinf\u00f3nica Nacional de Colombia, Royal Bangkok Symphony Orchestra, Orquesta Filarm\u00f3nica de Bogot\u00e1, North Czech Philharmonic, Orquesta Filarm\u00f3nica de Gran Canaria, ADDA Simf\u00f2nica, Orquesta Sinf\u00f3nica del Principado de Asturias, Orquesta Filarm\u00f3nica de M\u00e1laga, Orquesta Sinf\u00f3nica de la Regi\u00f3n de Murcia, Orquesta de C\u00f3rdoba i Stuttgarter Kammerorchester, entre d\u2019altres. Ha enregistrat per segells com SONY Classical, ARS Produktion -segell de l\u2019any als International Classical Music Awards- o Discmedi.<\/p>\n<p>Entre els seus compromisos m\u00e9s immediats destaca dirigir solistes com Yulianna Avdeeva, Paul Huang i Leticia Moreno, i formacions com la Orquesta Sinf\u00f3nica Sim\u00f3n Bol\u00edvar, Orquesta Sinf\u00f3nica Nacional de Colombia i Orquesta Filarm\u00f3nica de Boca de R\u00edo y Veracruz, amb repertoris tan importants com la Segona Simfonia de Mahler, el R\u00e8quiem de Brahms o Turandot.<\/p>\n<p>Nascut a Barcelona l\u2019any 1979, Tom\u00e0s Grau realitz\u00e0 els estudis musicals al Conservatori Superior Municipal de M\u00fasica de la mateixa ciutat. Prossegu\u00ed els seus estudis de direcci\u00f3 a l\u2019Escola Superior de M\u00fasica de Catalunya, on obtingu\u00e9 el T\u00edtol Superior de Direcci\u00f3 d\u2019Orquestra, assolint les m\u00e0ximes qualificacions. Complement\u00e0 la seva formaci\u00f3 en els <em>Wiener Meisterkurse<\/em>, en l\u2019especialitat de Direcci\u00f3 d\u2019Orquestra.[\/vc_column_text][\/vc_column][\/vc_row]<\/p>\n","protected":false},"excerpt":{"rendered":"<p>[vc_row][vc_column offset=&#8221;vc_hidden-xs&#8221;][vc_empty_space height=&#8221;52px&#8221;][\/vc_column][\/vc_row][vc_row][vc_column offset=&#8221;vc_hidden-lg vc_hidden-md vc_hidden-sm&#8221;][vc_empty_space height=&#8221;30px&#8221;][\/vc_column][\/vc_row][vc_row][vc_column width=&#8221;1\/3&#8243;][vc_column_text] \u201c Com a director, prefereixo renunciar a un p\u00e8l de decibels per a primar el balan\u00e7 i el fraseig. [\/vc_column_text][vc_column_text] \u201d [\/vc_column_text][vc_column_text]Director inspirat i de gran sensibilitat, Tom\u00e0s Grau \u00e9s reconegut pel seu gest prec\u00eds i clar<span class=\"read-more-link\"><a   rel=\"bookmark\" href=\"https:\/\/tomasgrau.com\/ca\/biografia\" title=\"Read BIOGRAFIA\" class=\"btn btn-normal\">Read more<\/a><\/span><\/p>\n","protected":false},"author":3,"featured_media":0,"parent":0,"menu_order":0,"comment_status":"closed","ping_status":"closed","template":"","meta":[],"_links":{"self":[{"href":"https:\/\/tomasgrau.com\/ca\/wp-json\/wp\/v2\/pages\/783"}],"collection":[{"href":"https:\/\/tomasgrau.com\/ca\/wp-json\/wp\/v2\/pages"}],"about":[{"href":"https:\/\/tomasgrau.com\/ca\/wp-json\/wp\/v2\/types\/page"}],"author":[{"embeddable":true,"href":"https:\/\/tomasgrau.com\/ca\/wp-json\/wp\/v2\/users\/3"}],"replies":[{"embeddable":true,"href":"https:\/\/tomasgrau.com\/ca\/wp-json\/wp\/v2\/comments?post=783"}],"version-history":[{"count":0,"href":"https:\/\/tomasgrau.com\/ca\/wp-json\/wp\/v2\/pages\/783\/revisions"}],"wp:attachment":[{"href":"https:\/\/tomasgrau.com\/ca\/wp-json\/wp\/v2\/media?parent=783"}],"curies":[{"name":"wp","href":"https:\/\/api.w.org\/{rel}","templated":true}]}}